{"id":8554,"date":"2021-06-21T09:35:03","date_gmt":"2021-06-21T08:35:03","guid":{"rendered":"https:\/\/bhia.pt\/8420-2\/"},"modified":"2023-02-13T09:31:26","modified_gmt":"2023-02-13T09:31:26","slug":"policy-privacy-and-gdpr","status":"publish","type":"page","link":"https:\/\/bhia.pt\/en\/policy-privacy-and-gdpr\/","title":{"rendered":"Policy Privacy and GDPR"},"content":{"rendered":"<p>[et_pb_section fb_built=&#8221;1&#8243; _builder_version=&#8221;4.16&#8243; _module_preset=&#8221;default&#8221; background_color=&#8221;#F1FAFE&#8221; custom_padding=&#8221;90px||165px||false|&#8221; bottom_divider_style=&#8221;ramp&#8221; bottom_divider_color=&#8221;#FFFFFF&#8221; bottom_divider_height=&#8221;229px&#8221; bottom_divider_flip=&#8221;horizontal&#8221; global_colors_info=&#8221;{}&#8221;][et_pb_row _builder_version=&#8221;4.16&#8243; _module_preset=&#8221;default&#8221; global_colors_info=&#8221;{}&#8221;][et_pb_column type=&#8221;4_4&#8243; _builder_version=&#8221;4.16&#8243; _module_preset=&#8221;default&#8221; global_colors_info=&#8221;{}&#8221;][et_pb_text admin_label=&#8221;Text&#8221; _builder_version=&#8221;4.16&#8243; _dynamic_attributes=&#8221;content&#8221; _module_preset=&#8221;default&#8221; text_font=&#8221;Nunito|700|||||||&#8221; text_text_color=&#8221;#008FAB&#8221; text_font_size=&#8221;3.5vw&#8221; text_letter_spacing=&#8221;-1px&#8221; custom_margin=&#8221;||32px|||&#8221; text_font_size_tablet=&#8221;&#8221; text_font_size_phone=&#8221;&#8221; text_font_size_last_edited=&#8221;on|desktop&#8221; global_colors_info=&#8221;{}&#8221;]@ET-DC@eyJkeW5hbWljIjp0cnVlLCJjb250ZW50IjoicG9zdF90aXRsZSIsInNldHRpbmdzIjp7ImJlZm9yZSI6IiIsImFmdGVyIjoiIn19@[\/et_pb_text][\/et_pb_column][\/et_pb_row][\/et_pb_section][et_pb_section fb_built=&#8221;1&#8243; _builder_version=&#8221;4.16&#8243; _module_preset=&#8221;default&#8221; custom_padding=&#8221;45px|||||&#8221; global_colors_info=&#8221;{}&#8221;][et_pb_row _builder_version=&#8221;4.16&#8243; _module_preset=&#8221;default&#8221; global_colors_info=&#8221;{}&#8221;][et_pb_column type=&#8221;4_4&#8243; _builder_version=&#8221;4.16&#8243; _module_preset=&#8221;default&#8221; global_colors_info=&#8221;{}&#8221;][et_pb_text _builder_version=&#8221;4.19.5&#8243; _module_preset=&#8221;default&#8221; hover_enabled=&#8221;0&#8243; global_colors_info=&#8221;{}&#8221; sticky_enabled=&#8221;0&#8243;]<\/p>\n<h2><strong>Compromisso da\u00a0BHIA \u2013 EQUIPAMENTOS MET\u00c1LICOS, S.A.<\/strong><\/h2>\n<blockquote>\n<p><strong>BHIA \u2013 EQUIPAMENTOS MET\u00c1LICOS, S.A. (Designa\u00e7\u00e3o comercial BHIA)<\/strong><br \/><a href=\"mailto:geral@bhia.pt\">geral@bhia.pt<\/a><br \/>Rua Mestre De Avis, 66, 3700-053, S\u00e3o Jo\u00e3o Da Madeira, Portugal<br \/>N\u00famero de telefone: 00351 256 838 965 <strong><span style=\"font-size: 13px; display: inline-block; line-height: 1.4em;\">(Chamada para a rede fixa nacional)<\/span><\/strong><br \/>https:\/\/www.bhia.pt<\/p>\n<\/blockquote>\n<p>(doravante BHIA), no contexto das suas atribui\u00e7\u00f5es, procede ao tratamento de dados pessoais, pretendendo assegurar com rigor, efic\u00e1cia e seguran\u00e7a a prote\u00e7\u00e3o de todos os dados que diariamente recolhe e trata.<\/p>\n<p>Por favor, leia a presente Pol\u00edtica de Privacidade que descreve como tratamos os seus dados pessoais e como pode exercer os seus direitos enquanto titular de dados pessoais tratados pela BHIA.<\/p>\n<h2><strong>Conformidade com o RGPD<\/strong><\/h2>\n<p>A BHIA est\u00e1 ciente da implementa\u00e7\u00e3o do novo Regulamento Geral de Prote\u00e7\u00e3o de Dados (RGPD), REGULAMENTO (UE) 2016\/679 DO PARLAMENTO EUROPEU E DO CONSELHO de 27 de abril de 2016, com a retifica\u00e7\u00e3o n.\u00ba 00\/2016, no JOUE L 119 de 04 de Maio de 2016, relativo \u00e0 prote\u00e7\u00e3o de pessoas singulares no que diz respeito ao processamento de dados pessoais e sobre a livre circula\u00e7\u00e3o de tais dados.<br \/>A BHIA est\u00e1 comprometida em agir de acordo com o regulamento implementando todas as medidas nesse sentido.<\/p>\n<h2><strong>Identifica\u00e7\u00e3o do Respons\u00e1vel<\/strong><\/h2>\n<blockquote>\n<p><strong>BHIA \u2013 EQUIPAMENTOS MET\u00c1LICOS, S.A. (Designa\u00e7\u00e3o comercial BHIA)<\/strong><br \/>geral@bhia.pt<br \/>Rua Mestre De Avis, 66, 3700-053, S\u00e3o Jo\u00e3o Da Madeira, Portugal<\/p>\n<p><strong>PT 504 211242<\/strong><br \/>N\u00famero de telefone: 00351 256838965\u00a0 <strong><span style=\"font-size: 13px; display: inline-block; line-height: 1.4em;\">(Chamada para a rede fixa nacional)<\/span><\/strong><br \/>https:\/\/www.bhia.pt<\/p>\n<\/blockquote>\n<p>O presente \u201cWebsite\u201d \u00e9 da propriedade e \u00e9 gerido pela empresa supracitada.<\/p>\n<p>Ao utilizar este Website estar\u00e1 a consentir com os termos descritos nesta Pol\u00edtica de Privacidade (\u201cPol\u00edtica\u201d).<\/p>\n<h2><strong>Dados Pessoais, titulares de dados pessoais e categorias de dados pessoais<\/strong><\/h2>\n<h3>\u00a0<strong>O que s\u00e3o dados pessoais?<\/strong><\/h3>\n<p>Dados pessoais s\u00e3o todas as informa\u00e7\u00f5es de qualquer natureza, recolhidas em qualquer tipo de suporte, relativas a uma pessoa singular, identificada ou identific\u00e1vel. Considera-se identific\u00e1vel o conjunto de informa\u00e7\u00f5es que podem levar \u00e0 identifica\u00e7\u00e3o de uma determinada pessoa, nomeadamente por refer\u00eancia a um identificador (como por exemplo um n\u00famero de identifica\u00e7\u00e3o).<\/p>\n<h3><strong>De quem recolhemos dados pessoais?<\/strong><\/h3>\n<p>Em face da natureza da atividade da BHIA, na sua maioria, s\u00e3o tratados dados de pessoas coletivas (empresas). N\u00e3o obstante, para execu\u00e7\u00e3o das suas atribui\u00e7\u00f5es, podem ser recolhidos e tratados dados dos seguintes tipos de pessoas singulares (elenco n\u00e3o exaustivo):<\/p>\n<ul>\n<li>Clientes \/ fornecedores e respetivos colaboradores;<br \/>\u2022\u00a0Prestadores de servi\u00e7o e respetivos colaboradores;<\/li>\n<li>Trabalhadores dependentes;<\/li>\n<li>Colaboradores;<\/li>\n<li>Estagi\u00e1rios<\/li>\n<\/ul>\n<h3><strong>Que dados pessoais tratamos e como os recolhemos?<\/strong><\/h3>\n<p>A BHIA apenas recolhe dados que se mostrem adequados, pertinentes e limitados ao que \u00e9 necess\u00e1rio relativamente \u00e0s finalidades para os quais s\u00e3o tratados.<\/p>\n<p>A recolha dos seus dados pode ser feita oralmente, por escrito (nomeadamente atrav\u00e9s de formul\u00e1rios e contratos), bem como atrav\u00e9s do website. Recolhemos os seus dados sempre atrav\u00e9s de um consentimento da sua parte, livre, expresso e informado consubstanciado num ato positivo. A facilidade com que os disponibiliza \u00e9 a mesma aplic\u00e1vel ao seu cancelamento.<\/p>\n<h4><strong>Para execu\u00e7\u00e3o das diferentes finalidades, poderemos recolher os seguintes tipos de dados pessoais:<\/strong><\/h4>\n<ul>\n<li>dados de identifica\u00e7\u00e3o (como o nome, naturalidade, cart\u00e3o do cidad\u00e3o ou data de nascimento);<br \/>\u2022\u00a0dados de contacto (como o telem\u00f3vel, morada ou e-mail);<br \/>\u2022\u00a0dados de habilita\u00e7\u00e3o e situa\u00e7\u00e3o profissional (como n\u00edvel de escolaridade e CV);<br \/>\u2022\u00a0dados banc\u00e1rios, financeiros e transa\u00e7\u00f5es (como IBAN ou n\u00famero de identifica\u00e7\u00e3o fiscal);<br \/>\u2022\u00a0dados de localiza\u00e7\u00e3o (como endere\u00e7o de IP);<br \/>\u2022\u00a0imagens recolhidas atrav\u00e9s de sistemas de videovigil\u00e2ncia.<\/li>\n<\/ul>\n<h2><strong>Finalidades do Tratamento de Dados Pessoais<\/strong><\/h2>\n<p>A BHIA recolhe a sua informa\u00e7\u00e3o para lhe prestar servi\u00e7os, atender \u00e0s obriga\u00e7\u00f5es jur\u00eddicas e aprimorar nossos produtos e servi\u00e7os. N\u00e3o vendemos, alugamos nem compartilhamos as suas informa\u00e7\u00f5es pessoais para ou com terceiros de nenhuma outra forma al\u00e9m da descrita nessa Pol\u00edtica de Privacidade.<\/p>\n<h4><strong>As finalidades da recolha e tratamento de dados pessoais s\u00e3o:<\/strong><\/h4>\n<ul>\n<li>\u00b7 Marketing \/ Divulga\u00e7\u00e3o de newsletters \/ Publica\u00e7\u00f5es \/ Promo\u00e7\u00f5es<\/li>\n<li>\u00b7 Emiss\u00e3o de documentos legalmente obrigat\u00f3rios quando verificados os pressupostos que os fundamentem (contratos, faturas e outros previstos na lei).<\/li>\n<li>\u00b7 Processar suas transa\u00e7\u00f5es financeiras.<\/li>\n<li>\u00b7 Enviar confirma\u00e7\u00f5es de pedido\/renova\u00e7\u00e3o.<\/li>\n<li>\u00b7 Registrar seus direitos, se houver, a suporte t\u00e9cnico ou outras vantagens que podem ser disponibilizadas a utilizadores registrados.<\/li>\n<li>\u00b7 Responder a solicita\u00e7\u00f5es, perguntas e preocupa\u00e7\u00f5es direcionadas ao atendimento ao cliente.<\/li>\n<li>\u00b7 Administrar a sua conta.<\/li>\n<li>\u00b7 Enviar o seu produto ou servi\u00e7o solicitado.<\/li>\n<li>\u00b7 Mant\u00ea-lo informado sobre ofertas especiais.<\/li>\n<li>\u00b7 Administrar promo\u00e7\u00f5es e sorteios nos quais voc\u00ea participa e inform\u00e1-lo sobre o resultado.<\/li>\n<li>\u00b7 Investigar, prevenir ou agir em rela\u00e7\u00e3o a atividades ilegais e\/ou viola\u00e7\u00f5es de nossos Termos de Servi\u00e7o.<\/li>\n<li>\u00b7 Atender \u00e0s nossas necessidades de pesquisa e desenvolvimento de produto\/servi\u00e7o e para aprimorar o nosso Site, servi\u00e7os e ofertas;<\/li>\n<li>\u00b7 Personalizar sua experi\u00eancia, incluindo o direcionamento dos nossos servi\u00e7os e ofertas para si.<\/li>\n<\/ul>\n<p>Os dados recolhidos e tratados s\u00e3o os adequados, pertinentes e n\u00e3o excessivos em rela\u00e7\u00e3o a esta finalidade. Estes dados n\u00e3o ser\u00e3o divulgados a terceiras partes.<\/p>\n<p>As suas informa\u00e7\u00f5es s\u00e3o guardadas nas nossas bases de dados e n\u00e3o s\u00e3o partilhadas com terceiros. Tamb\u00e9m n\u00e3o utilizaremos os seus dados pessoais para tomar decis\u00f5es automatizadas que possam afet\u00e1-lo.<\/p>\n<p>Os seus dados pessoais s\u00e3o protegidos por medidas t\u00e9cnicas e organizativas que garantem os seus direitos.<\/p>\n<h2><strong>Transmiss\u00e3o de dados<\/strong><\/h2>\n<h4><strong>Com quem partilhamos os seus dados pessoais?<\/strong><\/h4>\n<p>Sem preju\u00edzo da sua confidencialidade e do seu tratamento adequado, e nos casos em que se aplique, o Titular autoriza BHIA- EQUIPAMENTOS MET\u00c1LICOS, S.A.. a ceder os seus dados (apenas os estritamente necess\u00e1rios) para efeitos de tratamento contabil\u00edstico e fiscal a empresa de contabilidade externa ou empresas de an\u00e1lise de cr\u00e9dito e de risco ou concess\u00e3o\/contrata\u00e7\u00e3o de seguros de cr\u00e9dito ou servi\u00e7os associados \u00e0 atividade seguradora em geral.<\/p>\n<p>A BHIA garante que recorre apenas a prestadores de servi\u00e7os que apresentem as garantias de execu\u00e7\u00e3o de medidas t\u00e9cnicas e organizativas necess\u00e1rias e adequadas a proteger os seus dados pessoais.<\/p>\n<p>Transfer\u00eancias de dados pessoais para fora do EEE<\/p>\n<p>A BHIA n\u00e3o procede \u00e0 transfer\u00eancia dos seus dados pessoais para pa\u00edses terceiros (fora da EEE \u2013 Espa\u00e7o Econ\u00f3mico Europeu).<\/p>\n<h2><strong>Por quanto tempo guardamos os seus dados?<\/strong><\/h2>\n<p>Os dados pessoais recolhidos ser\u00e3o conservados somente pelo per\u00edodo de tempo necess\u00e1rio \u00e0 concretiza\u00e7\u00e3o das finalidades que motivaram a sua recolha.<\/p>\n<h2><strong>Os seus Direitos<\/strong><\/h2>\n<p>Nos termos da legisla\u00e7\u00e3o em vigor, a partir do momento em que recolhemos e tratamos os seus dados, existe um conjunto de direitos que, a qualquer momento, poder\u00e1 exercer junto da BHIA.<\/p>\n<h4><strong>Quais os seus direitos?<\/strong><\/h4>\n<p><strong>Direito de acesso:<\/strong>\u00a0direito que lhe permite obter informa\u00e7\u00e3o relativamente ao tratamento dos seus dados e respetivas caracter\u00edsticas (nomeadamente o tipo de dados, a finalidade do tratamento, a quem podem ser comunicados os seus dados, prazos de conserva\u00e7\u00e3o e quais os dados que tem de fornecer obrigat\u00f3ria ou facultativamente).<\/p>\n<p><strong>Direito de retifica\u00e7\u00e3o:<\/strong>\u00a0direito que lhe permite solicitar a retifica\u00e7\u00e3o dos seus dados, exigindo que estes sejam exatos e atuais, como por exemplo, quando considere que os mesmos est\u00e3o incompletos ou desatualizados.<\/p>\n<p><strong>Direito \u00e0 elimina\u00e7\u00e3o dos dados ou \u201cDireito a ser esquecido\u201d:<\/strong>\u00a0direito que lhe permite solicitar a elimina\u00e7\u00e3o dos seus dados, quando considere que n\u00e3o existem fundamentos v\u00e1lidos para a conserva\u00e7\u00e3o dos dados e desde que n\u00e3o exista outro fundamento v\u00e1lido que legitime tal tratamento (como a execu\u00e7\u00e3o de um contrato ou o cumprimento de uma obriga\u00e7\u00e3o legal ou regulamentar).<\/p>\n<p><strong>Direito \u00e0 Limita\u00e7\u00e3o:<\/strong>\u00a0direito que lhe permite a suspens\u00e3o do tratamento ou a limita\u00e7\u00e3o do tratamento a certas categorias de dados ou finalidades.<\/p>\n<p><strong>Direito \u00e0 Portabilidade:<\/strong>\u00a0direito atrav\u00e9s do qual poder\u00e1 solicitar o envio dos seus dados, em formato digital e de uso corrente, que permita a reutiliza\u00e7\u00e3o de tais dados. Em alternativa, poder\u00e1 solicitar a transmiss\u00e3o dos seus dados para outra entidade que passe a ser respons\u00e1vel pelo tratamento dos seus dados.<\/p>\n<p><strong>Direito de Oposi\u00e7\u00e3o:<\/strong>\u00a0direito que lhe permite opor-se a determinadas finalidades e desde que n\u00e3o se verifiquem interesses leg\u00edtimos que prevale\u00e7am sobre os seus interesses. Um dos exemplos deste direito respeita \u00e0 oposi\u00e7\u00e3o a finalidades de comercializa\u00e7\u00e3o direta (marketing).<\/p>\n<p><strong>Direito de Retirar o Consentimento:<\/strong>\u00a0direito que lhe permite retirar o seu consentimento, mas que apenas pode ser exercido quando o seu consentimento seja a \u00fanica condi\u00e7\u00e3o de legitimidade.<\/p>\n<h4><strong>Como pode exercer os seus direitos?<\/strong><\/h4>\n<p>Todos os direitos supra descritos poder\u00e3o ser exercidos, com as limita\u00e7\u00f5es previstas na legisla\u00e7\u00e3o aplic\u00e1vel, mediante pedido por escrito, a ser remetido atrav\u00e9s do e-mail : \u201cgeral@bhia.pt\u201d.<\/p>\n<p>Nesse exerc\u00edcio de direitos, deve comprovar a sua identidade e especificar qual a pretens\u00e3o, a qual ser\u00e1 atendida atempadamente, dentro dos prazos legais.<\/p>\n<p>No caso espec\u00edfico de pretender exercer o seu direito de oposi\u00e7\u00e3o, deixando de receber comunica\u00e7\u00f5es de marketing pode, a todo o tempo exerc\u00ea-lo da seguinte forma:<\/p>\n<ul>\n<li>Clicando na hiperliga\u00e7\u00e3o para esse efeito (normalmente, com a indica\u00e7\u00e3o de \u201cunsubscribe\u201d) em qualquer mensagem por correio eletr\u00f3nico que receber em virtude do seu registo neste Website;<\/li>\n<li>Enviando uma mensagem de correio eletr\u00f3nico para o endere\u00e7o \u201cgeral@bhia.pt\u201d. com o assunto \u201cRemover\u201d;<\/li>\n<li>Ou por via postal, para a morada indicada no in\u00edcio desta Pol\u00edtica de Privacidade.<\/li>\n<\/ul>\n<h2><strong>O seu direito de reclama\u00e7\u00e3o<\/strong><\/h2>\n<p>Em caso de queixa relativa \u00e0 nossa utiliza\u00e7\u00e3o dos seus dados pessoais, poder\u00e1 apresenta-la diretamente junto da autoridade de supervis\u00e3o portuguesa, no caso a Comiss\u00e3o Nacional de Prote\u00e7\u00e3o de Dados, atrav\u00e9s do site\u00a0<a href=\"http:\/\/www.cnpd.pt\/\" data-saferedirecturl=\"https:\/\/www.google.com\/url?q=http:\/\/www.cnpd.pt\/&amp;source=gmail&amp;ust=1624349700863000&amp;usg=AFQjCNH9_449GooWGMkokpmVsXoM4ZKw2A\">www.cnpd.pt<\/a>\u00a0ou por escrito para a morada da mesma sita em:<\/p>\n<p>Rua de S\u00e3o Bento, 148, R\/C<\/p>\n<p>1200-821 Lisboa<\/p>\n<h2><strong>Seguran\u00e7a<\/strong><\/h2>\n<p>A BHIA utiliza as medidas de seguran\u00e7a adequadas \u00e0 prote\u00e7\u00e3o dos seus dados pessoais contra a destrui\u00e7\u00e3o, acidental ou il\u00edcita, a perda acidental, a altera\u00e7\u00e3o, a difus\u00e3o ou o acesso n\u00e3o autorizados, e contra qualquer outra forma de tratamento il\u00edcito. No entanto, como a Internet n\u00e3o \u00e9 totalmente segura, advertimos que os seus dados pessoais podem circular na rede sem condi\u00e7\u00f5es de seguran\u00e7a, correndo o risco de serem vistos e utilizados por terceiros n\u00e3o autorizados.<\/p>\n<h2><strong>Conserva\u00e7\u00e3o dos Dados<\/strong><\/h2>\n<p>Os seus dados s\u00e3o conservados pela BHIA para as finalidades descritas no ponto 5., e para comprovar o seu registo neste Website, assim como para comprovar o exerc\u00edcio dos seus direitos, dentro dos prazos admiss\u00edveis segundo as orienta\u00e7\u00f5es das entidades supervisoras.<\/p>\n<h2><strong>Outras Considera\u00e7\u00f5es<\/strong><\/h2>\n<p>A BHIA n\u00e3o se responsabiliza por quaisquer atos ou omiss\u00f5es de terceiros, designadamente quanto a liga\u00e7\u00f5es para outros s\u00edtios da Internet e os conte\u00fados destes.<\/p>\n<p>Em caso de eventuais altera\u00e7\u00f5es legislativas ou comerciais, a BHIA reserva o direito de alterar a presente Pol\u00edtica a todo o tempo, pelo que dever\u00e1 consult\u00e1-la sempre que utilizar este Website.<\/p>\n<p>Para mais informa\u00e7\u00f5es por favor contacte-nos por correio eletr\u00f3nico para o endere\u00e7o \u201cgeral@bhia.pt\u201d<\/p>\n<h2><strong>Conformidade com o RGPD<\/strong><\/h2>\n<p>A BHIA est\u00e1 ciente da implementa\u00e7\u00e3o do Regulamento Geral de Prote\u00e7\u00e3o de Dados (RGPD), REGULAMENTO (UE) 2016\/679 DO PARLAMENTO EUROPEU E DO CONSELHO de 27 de abril de 2016,\u00a0com a Retifica\u00e7\u00e3o n.\u00ba 00\/2016, no JOUE L 119 de 04 de Maio de 2016,\u00a0relativo \u00e0 prote\u00e7\u00e3o de pessoas singulares no que diz respeito ao processamento de dados pessoais e sobre a livre circula\u00e7\u00e3o de tais dados.<\/p>\n<p>A BHIA est\u00e1 comprometida em agir de acordo com o regulamento e est\u00e1 a tomar todas as medidas nesse sentido.<\/p>\n<p>[\/et_pb_text][\/et_pb_column][\/et_pb_row][\/et_pb_section]<\/p>\n","protected":false},"excerpt":{"rendered":"<p>Compromisso da\u00a0BHIA \u2013 EQUIPAMENTOS MET\u00c1LICOS, S.A. BHIA \u2013 EQUIPAMENTOS MET\u00c1LICOS, S.A. (Designa\u00e7\u00e3o comercial BHIA)geral@bhia.ptRua Mestre De Avis, 66, 3700-053, S\u00e3o Jo\u00e3o Da Madeira, PortugalN\u00famero de telefone: 00351 256 838 965 (Chamada para a rede fixa nacional)https:\/\/www.bhia.pt (doravante BHIA), no contexto das suas atribui\u00e7\u00f5es, procede ao tratamento de dados pessoais, pretendendo assegurar com rigor, efic\u00e1cia e seguran\u00e7a a prote\u00e7\u00e3o de todos os dados que diariamente recolhe e trata. Por favor, leia a presente Pol\u00edtica de Privacidade que descreve como tratamos os seus dados pessoais e como pode exercer os seus direitos enquanto titular de dados pessoais tratados pela BHIA. Conformidade com o RGPD A BHIA est\u00e1 ciente da implementa\u00e7\u00e3o do novo Regulamento Geral de Prote\u00e7\u00e3o de Dados (RGPD), REGULAMENTO (UE) 2016\/679 DO PARLAMENTO EUROPEU E DO CONSELHO de 27 de abril de 2016, com a retifica\u00e7\u00e3o n.\u00ba 00\/2016, no JOUE L 119 de 04 de Maio de 2016, relativo \u00e0 prote\u00e7\u00e3o de pessoas singulares no que diz respeito ao processamento de dados pessoais e sobre a livre circula\u00e7\u00e3o de tais dados.A BHIA est\u00e1 comprometida em agir de acordo com o regulamento implementando todas as medidas nesse sentido. Identifica\u00e7\u00e3o do Respons\u00e1vel BHIA \u2013 EQUIPAMENTOS MET\u00c1LICOS, S.A. (Designa\u00e7\u00e3o comercial BHIA)geral@bhia.ptRua Mestre De Avis, [&hellip;]<\/p>\n","protected":false},"author":7,"featured_media":0,"parent":0,"menu_order":0,"comment_status":"closed","ping_status":"closed","template":"","meta":{"_et_pb_use_builder":"on","_et_pb_old_content":"","_et_gb_content_width":"","inline_featured_image":false,"footnotes":""},"class_list":["post-8554","page","type-page","status-publish","hentry"],"_links":{"self":[{"href":"https:\/\/bhia.pt\/en\/wp-json\/wp\/v2\/pages\/8554","targetHints":{"allow":["GET"]}}],"collection":[{"href":"https:\/\/bhia.pt\/en\/wp-json\/wp\/v2\/pages"}],"about":[{"href":"https:\/\/bhia.pt\/en\/wp-json\/wp\/v2\/types\/page"}],"author":[{"embeddable":true,"href":"https:\/\/bhia.pt\/en\/wp-json\/wp\/v2\/users\/7"}],"replies":[{"embeddable":true,"href":"https:\/\/bhia.pt\/en\/wp-json\/wp\/v2\/comments?post=8554"}],"version-history":[{"count":4,"href":"https:\/\/bhia.pt\/en\/wp-json\/wp\/v2\/pages\/8554\/revisions"}],"predecessor-version":[{"id":10010,"href":"https:\/\/bhia.pt\/en\/wp-json\/wp\/v2\/pages\/8554\/revisions\/10010"}],"wp:attachment":[{"href":"https:\/\/bhia.pt\/en\/wp-json\/wp\/v2\/media?parent=8554"}],"curies":[{"name":"wp","href":"https:\/\/api.w.org\/{rel}","templated":true}]}}