{"id":8561,"date":"2016-10-14T14:51:26","date_gmt":"2016-10-14T13:51:26","guid":{"rendered":"https:\/\/bhia.pt\/lista-de-referencias\/"},"modified":"2021-12-13T09:43:42","modified_gmt":"2021-12-13T09:43:42","slug":"list-of-references","status":"publish","type":"page","link":"https:\/\/bhia.pt\/en\/list-of-references\/","title":{"rendered":"List of References"},"content":{"rendered":"<p>[et_pb_section fb_built=&#8221;1&#8243; _builder_version=&#8221;3.22&#8243; global_colors_info=&#8221;{}&#8221;][et_pb_row column_structure=&#8221;1_6,1_6,1_6,1_6,1_6,1_6&#8243; use_custom_gutter=&#8221;on&#8221; gutter_width=&#8221;2&#8243; _builder_version=&#8221;4.10.5&#8243; background_size=&#8221;initial&#8221; background_position=&#8221;top_left&#8221; background_repeat=&#8221;repeat&#8221; width=&#8221;90%&#8221; max_width=&#8221;90%&#8221; global_colors_info=&#8221;{}&#8221;][et_pb_column type=&#8221;1_6&#8243; _builder_version=&#8221;3.25&#8243; custom_padding=&#8221;|||&#8221; global_colors_info=&#8221;{}&#8221; custom_padding__hover=&#8221;|||&#8221;][et_pb_blurb title=&#8221;Office Buildings&#8221; _builder_version=&#8221;4.14.2&#8243; _module_preset=&#8221;default&#8221; header_text_align=&#8221;center&#8221; custom_padding=&#8221;20px|5px|7px|5px|false|true&#8221; link_option_url=&#8221;https:\/\/bhia.pt\/wp-content\/uploads\/2021\/08\/1.-Edifi%CC%81cios-de-Escrito%CC%81rios.pdf&#8221; link_option_url_new_window=&#8221;on&#8221; hover_enabled=&#8221;0&#8243; border_radii=&#8221;on|20px|20px|20px|20px&#8221; box_shadow_style=&#8221;preset3&#8243; box_shadow_vertical=&#8221;5px&#8221; box_shadow_blur=&#8221;30px&#8221; box_shadow_spread=&#8221;-10px&#8221; box_shadow_color=&#8221;rgba(0,117,137,0.3)&#8221; global_colors_info=&#8221;{}&#8221; sticky_enabled=&#8221;0&#8243;][\/et_pb_blurb][et_pb_blurb title=&#8221;Factories and Warehouses&#8221; _builder_version=&#8221;4.14.2&#8243; _module_preset=&#8221;default&#8221; header_text_align=&#8221;center&#8221; custom_padding=&#8221;20px|5px|7px|5px|false|true&#8221; link_option_url=&#8221;https:\/\/bhia.pt\/wp-content\/uploads\/2021\/08\/7.-Fa%CC%81bricas-e-Armaze%CC%81ns.pdf&#8221; link_option_url_new_window=&#8221;on&#8221; border_radii=&#8221;on|20px|20px|20px|20px&#8221; box_shadow_style=&#8221;preset3&#8243; box_shadow_vertical=&#8221;5px&#8221; box_shadow_blur=&#8221;30px&#8221; box_shadow_spread=&#8221;-10px&#8221; box_shadow_color=&#8221;rgba(0,117,137,0.3)&#8221; global_colors_info=&#8221;{}&#8221;][\/et_pb_blurb][\/et_pb_column][et_pb_column type=&#8221;1_6&#8243; _builder_version=&#8221;3.25&#8243; custom_padding=&#8221;|||&#8221; global_colors_info=&#8221;{}&#8221; custom_padding__hover=&#8221;|||&#8221;][et_pb_blurb title=&#8221;Housing buildings&#8221; _builder_version=&#8221;4.14.2&#8243; _module_preset=&#8221;default&#8221; header_text_align=&#8221;center&#8221; custom_padding=&#8221;20px|5px|7px|5px|false|true&#8221; link_option_url=&#8221;https:\/\/bhia.pt\/wp-content\/uploads\/2021\/08\/2.-Edifi%CC%81cios-de-Habitac%CC%A7a%CC%83o.pdf&#8221; link_option_url_new_window=&#8221;on&#8221; hover_enabled=&#8221;0&#8243; border_radii=&#8221;on|20px|20px|20px|20px&#8221; box_shadow_style=&#8221;preset3&#8243; box_shadow_vertical=&#8221;5px&#8221; box_shadow_blur=&#8221;30px&#8221; box_shadow_spread=&#8221;-10px&#8221; box_shadow_color=&#8221;rgba(0,117,137,0.3)&#8221; global_colors_info=&#8221;{}&#8221; sticky_enabled=&#8221;0&#8243;][\/et_pb_blurb][et_pb_blurb title=&#8221;Hotels&#8221; _builder_version=&#8221;4.14.2&#8243; _module_preset=&#8221;default&#8221; header_text_align=&#8221;center&#8221; custom_padding=&#8221;20px|5px|7px|5px|false|true&#8221; link_option_url=&#8221;https:\/\/bhia.pt\/wp-content\/uploads\/2021\/08\/8.-Hotelaria.pdf&#8221; link_option_url_new_window=&#8221;on&#8221; border_radii=&#8221;on|20px|20px|20px|20px&#8221; box_shadow_style=&#8221;preset3&#8243; box_shadow_vertical=&#8221;5px&#8221; box_shadow_blur=&#8221;30px&#8221; box_shadow_spread=&#8221;-10px&#8221; box_shadow_color=&#8221;rgba(0,117,137,0.3)&#8221; global_colors_info=&#8221;{}&#8221;][\/et_pb_blurb][\/et_pb_column][et_pb_column type=&#8221;1_6&#8243; _builder_version=&#8221;3.25&#8243; custom_padding=&#8221;|||&#8221; global_colors_info=&#8221;{}&#8221; custom_padding__hover=&#8221;|||&#8221;][et_pb_blurb title=&#8221;Service buildings&#8221; _builder_version=&#8221;4.14.2&#8243; _module_preset=&#8221;default&#8221; header_text_align=&#8221;center&#8221; custom_padding=&#8221;20px|5px|7px|5px|false|true&#8221; link_option_url=&#8221;https:\/\/bhia.pt\/wp-content\/uploads\/2021\/08\/3.-Edifi%CC%81cios-de-Servic%CC%A7os.pdf&#8221; link_option_url_new_window=&#8221;on&#8221; border_radii=&#8221;on|20px|20px|20px|20px&#8221; box_shadow_style=&#8221;preset3&#8243; box_shadow_vertical=&#8221;5px&#8221; box_shadow_blur=&#8221;30px&#8221; box_shadow_spread=&#8221;-10px&#8221; box_shadow_color=&#8221;rgba(0,117,137,0.3)&#8221; global_colors_info=&#8221;{}&#8221;][\/et_pb_blurb][et_pb_blurb title=&#8221;Mobility infrastructure and Services&#8221; _builder_version=&#8221;4.14.2&#8243; _module_preset=&#8221;default&#8221; header_text_align=&#8221;center&#8221; custom_padding=&#8221;20px|5px|7px|5px|false|true&#8221; link_option_url=&#8221;https:\/\/bhia.pt\/wp-content\/uploads\/2021\/08\/9.-Infraestrutaras-e-Servic%CC%A7os-de-Mobilidade.pdf&#8221; link_option_url_new_window=&#8221;on&#8221; border_radii=&#8221;on|20px|20px|20px|20px&#8221; box_shadow_style=&#8221;preset3&#8243; box_shadow_vertical=&#8221;5px&#8221; box_shadow_blur=&#8221;30px&#8221; box_shadow_spread=&#8221;-10px&#8221; box_shadow_color=&#8221;rgba(0,117,137,0.3)&#8221; global_colors_info=&#8221;{}&#8221;][\/et_pb_blurb][\/et_pb_column][et_pb_column type=&#8221;1_6&#8243; _builder_version=&#8221;3.25&#8243; custom_padding=&#8221;|||&#8221; global_colors_info=&#8221;{}&#8221; custom_padding__hover=&#8221;|||&#8221;][et_pb_blurb title=&#8221;Social and Religious buildings&#8221; _builder_version=&#8221;4.14.2&#8243; _module_preset=&#8221;default&#8221; header_text_align=&#8221;center&#8221; custom_padding=&#8221;20px|5px|7px|5px|false|true&#8221; link_option_url=&#8221;https:\/\/bhia.pt\/wp-content\/uploads\/2021\/08\/4.-Edifi%CC%81cios-Sociais-e-Religiosos.pdf&#8221; link_option_url_new_window=&#8221;on&#8221; border_radii=&#8221;on|20px|20px|20px|20px&#8221; box_shadow_style=&#8221;preset3&#8243; box_shadow_vertical=&#8221;5px&#8221; box_shadow_blur=&#8221;30px&#8221; box_shadow_spread=&#8221;-10px&#8221; box_shadow_color=&#8221;rgba(0,117,137,0.3)&#8221; global_colors_info=&#8221;{}&#8221;][\/et_pb_blurb][et_pb_blurb title=&#8221;International Works&#8221; _builder_version=&#8221;4.14.2&#8243; _module_preset=&#8221;default&#8221; header_text_align=&#8221;center&#8221; custom_padding=&#8221;20px|5px|7px|5px|false|true&#8221; link_option_url=&#8221;https:\/\/bhia.pt\/wp-content\/uploads\/2021\/08\/10.-Obras-Internacionais.pdf&#8221; link_option_url_new_window=&#8221;on&#8221; border_radii=&#8221;on|20px|20px|20px|20px&#8221; box_shadow_style=&#8221;preset3&#8243; box_shadow_vertical=&#8221;5px&#8221; box_shadow_blur=&#8221;30px&#8221; box_shadow_spread=&#8221;-10px&#8221; box_shadow_color=&#8221;rgba(0,117,137,0.3)&#8221; global_colors_info=&#8221;{}&#8221;][\/et_pb_blurb][\/et_pb_column][et_pb_column type=&#8221;1_6&#8243; _builder_version=&#8221;3.25&#8243; custom_padding=&#8221;|||&#8221; global_colors_info=&#8221;{}&#8221; custom_padding__hover=&#8221;|||&#8221;][et_pb_blurb title=&#8221;Commercial Establishments&#8221; _builder_version=&#8221;4.14.2&#8243; _module_preset=&#8221;default&#8221; header_text_align=&#8221;center&#8221; custom_padding=&#8221;20px|5px|7px|5px|false|true&#8221; link_option_url=&#8221;https:\/\/bhia.pt\/wp-content\/uploads\/2021\/08\/5.-Estabelecimentos-Comerciais.pdf&#8221; link_option_url_new_window=&#8221;on&#8221; border_radii=&#8221;on|20px|20px|20px|20px&#8221; box_shadow_style=&#8221;preset3&#8243; box_shadow_vertical=&#8221;5px&#8221; box_shadow_blur=&#8221;30px&#8221; box_shadow_spread=&#8221;-10px&#8221; box_shadow_color=&#8221;rgba(0,117,137,0.3)&#8221; global_colors_info=&#8221;{}&#8221;][\/et_pb_blurb][et_pb_blurb title=&#8221;Health Units&#8221; _builder_version=&#8221;4.14.2&#8243; _module_preset=&#8221;default&#8221; header_text_align=&#8221;center&#8221; custom_padding=&#8221;20px|5px|7px|5px|false|true&#8221; link_option_url=&#8221;https:\/\/bhia.pt\/wp-content\/uploads\/2021\/08\/11.-Unidades-de-Sau%CC%81de-convertido.pdf&#8221; link_option_url_new_window=&#8221;on&#8221; hover_enabled=&#8221;0&#8243; border_radii=&#8221;on|20px|20px|20px|20px&#8221; box_shadow_style=&#8221;preset3&#8243; box_shadow_vertical=&#8221;5px&#8221; box_shadow_blur=&#8221;30px&#8221; box_shadow_spread=&#8221;-10px&#8221; box_shadow_color=&#8221;rgba(0,117,137,0.3)&#8221; global_colors_info=&#8221;{}&#8221; sticky_enabled=&#8221;0&#8243;][\/et_pb_blurb][\/et_pb_column][et_pb_column type=&#8221;1_6&#8243; _builder_version=&#8221;3.25&#8243; custom_padding=&#8221;|||&#8221; global_colors_info=&#8221;{}&#8221; custom_padding__hover=&#8221;|||&#8221;][et_pb_blurb title=&#8221; Teaching Establishments, Research and Culture&#8221; _builder_version=&#8221;4.14.2&#8243; _module_preset=&#8221;default&#8221; header_text_align=&#8221;center&#8221; custom_padding=&#8221;20px|5px|7px|5px|false|true&#8221; link_option_url=&#8221;https:\/\/bhia.pt\/wp-content\/uploads\/2021\/08\/6.-Estabelecimentos-de-Ensino-Pesquisa-e-Cultura.pdf&#8221; link_option_url_new_window=&#8221;on&#8221; border_radii=&#8221;on|20px|20px|20px|20px&#8221; box_shadow_style=&#8221;preset3&#8243; box_shadow_vertical=&#8221;5px&#8221; box_shadow_blur=&#8221;30px&#8221; box_shadow_spread=&#8221;-10px&#8221; box_shadow_color=&#8221;rgba(0,117,137,0.3)&#8221; global_colors_info=&#8221;{}&#8221;][\/et_pb_blurb][\/et_pb_column][\/et_pb_row][\/et_pb_section]<\/p>\n","protected":false},"excerpt":{"rendered":"","protected":false},"author":7,"featured_media":0,"parent":0,"menu_order":0,"comment_status":"closed","ping_status":"closed","template":"","meta":{"_et_pb_use_builder":"on","_et_pb_old_content":"<a href=\"https:\/\/bhia.pt\/wp-content\/uploads\/2018\/03\/Edif\u00edcios-de-Escrit\u00f3rios.pdf\">Edif\u00edcios de Escrit\u00f3rios<\/a>\r\n\r\n<a href=\"https:\/\/bhia.pt\/wp-content\/uploads\/2018\/03\/Edif\u00edcios-de-Habita\u00e7\u00e3o.pdf\">Edif\u00edcios de Habita\u00e7\u00e3o<\/a>\r\n\r\n<a href=\"https:\/\/bhia.pt\/wp-content\/uploads\/2018\/03\/Edif\u00edcios-de-Servi\u00e7os.pdf\">Edif\u00edcios de Servi\u00e7os<\/a>\r\n\r\n<a href=\"https:\/\/bhia.pt\/wp-content\/uploads\/2018\/03\/Edif\u00edcios-Sociais-e-Religiosos.pdf\">Edif\u00edcios Sociais e Religiosos<\/a>\r\n\r\n<a href=\"https:\/\/bhia.pt\/wp-content\/uploads\/2018\/03\/Estabelecimentos-Comerciais.pdf\">Estabelecimentos Comerciais<\/a>\r\n\r\n<a href=\"https:\/\/bhia.pt\/wp-content\/uploads\/2018\/03\/Estabelecimentos-de-Ensino-pesquisa-e-cultura.pdf\">Estabelecimentos de Ensino Pesquisa e Cultura<\/a>\r\n\r\n<a href=\"https:\/\/bhia.pt\/wp-content\/uploads\/2018\/03\/F\u00e1bricas-e-Armazens.pdf\">F\u00e1bricas e Armaz\u00e9ns<\/a>\r\n\r\n<a href=\"https:\/\/bhia.pt\/wp-content\/uploads\/2018\/03\/Hotelaria.pdf\">Hotelaria<\/a>\r\n\r\n<a href=\"https:\/\/bhia.pt\/wp-content\/uploads\/2018\/03\/Infrastruturas-e-Servi\u00e7os-de-Mobilidade.pdf\">Infraestruturas e Servi\u00e7os de Mobilidade<\/a>\r\n\r\n<a href=\"https:\/\/bhia.pt\/wp-content\/uploads\/2018\/03\/Obras-Internacionais.pdf\">Obras Internacionais<\/a>\r\n\r\n<a href=\"https:\/\/bhia.pt\/wp-content\/uploads\/2018\/03\/Unidades-de-Sa\u00fade.pdf\">Unidades de Sa\u00fade<\/a>","_et_gb_content_width":"","inline_featured_image":false,"footnotes":""},"class_list":["post-8561","page","type-page","status-publish","hentry"],"_links":{"self":[{"href":"https:\/\/bhia.pt\/en\/wp-json\/wp\/v2\/pages\/8561","targetHints":{"allow":["GET"]}}],"collection":[{"href":"https:\/\/bhia.pt\/en\/wp-json\/wp\/v2\/pages"}],"about":[{"href":"https:\/\/bhia.pt\/en\/wp-json\/wp\/v2\/types\/page"}],"author":[{"embeddable":true,"href":"https:\/\/bhia.pt\/en\/wp-json\/wp\/v2\/users\/7"}],"replies":[{"embeddable":true,"href":"https:\/\/bhia.pt\/en\/wp-json\/wp\/v2\/comments?post=8561"}],"version-history":[{"count":6,"href":"https:\/\/bhia.pt\/en\/wp-json\/wp\/v2\/pages\/8561\/revisions"}],"predecessor-version":[{"id":9310,"href":"https:\/\/bhia.pt\/en\/wp-json\/wp\/v2\/pages\/8561\/revisions\/9310"}],"wp:attachment":[{"href":"https:\/\/bhia.pt\/en\/wp-json\/wp\/v2\/media?parent=8561"}],"curies":[{"name":"wp","href":"https:\/\/api.w.org\/{rel}","templated":true}]}}